{"id":86,"date":"2020-06-25T10:42:45","date_gmt":"2020-06-25T13:42:45","guid":{"rendered":"http:\/\/jabaquaraac.com.br\/?page_id=86"},"modified":"2026-01-12T13:11:49","modified_gmt":"2026-01-12T16:11:49","slug":"hino-oficial","status":"publish","type":"page","link":"https:\/\/jabaquaraac.com.br\/?page_id=86","title":{"rendered":"Hino Oficial"},"content":{"rendered":"\n<p class=\"has-text-align-center\"><strong>Hino oficial do Jabaquara Atl\u00e9tico Clube<\/strong><\/p>\n\n\n\n<div class=\"is-layout-flow wp-block-group\"><div class=\"wp-block-group__inner-container\">\n<p class=\"has-text-align-center\">Vamos cantar-te, Jabuca<br>Porque mereces tamb\u00e9m uma can\u00e7\u00e3o<br>Por teu passado glorioso<br>Que ainda vibra em nosso cora\u00e7\u00e3o.<\/p>\n\n\n\n<p class=\"has-text-align-center\">E nesta terra praiana<br>Em S\u00e3o Paulo e no interior,<br>Tu foste sempre o primeiro,<br>Que nos cobriu de honra e de valor.<\/p>\n\n\n\n<p class=\"has-text-align-center\">Rubro amarelo, h\u00e1s de vencer,<br>O Jabaquara jamais h\u00e1 de morrer<br>Por tuas gl\u00f3rias, com emo\u00e7\u00e3o,<br>Hoje brindamos, com amor, esta can\u00e7\u00e3o!<\/p>\n\n\n\n<p class=\"has-text-align-center\">Rubro amarelo, sempre estar\u00e1s<br>Em nossa alma, em nosso cora\u00e7\u00e3o<br>Le\u00e3o do Macuco, vamos lutar,<br>Que em nossa hist\u00f3ria ser\u00e1 sempre o campe\u00e3o!<\/p>\n<\/div><\/div>\n\n\n\n<p><\/p>\n\n\n\n<figure class=\"wp-block-embed aligncenter is-type-video is-provider-youtube wp-block-embed-youtube wp-embed-aspect-16-9 wp-has-aspect-ratio\"><div class=\"wp-block-embed__wrapper\">\n<iframe loading=\"lazy\" title=\"Hino do Jabaquara Atl\u00e9tico Clube ( Santos \/ SP ) | Oficial\" width=\"500\" height=\"281\" src=\"https:\/\/www.youtube.com\/embed\/fZQ37-MjEh8?feature=oembed\" frameborder=\"0\" allow=\"accelerometer; autoplay; clipboard-write; encrypted-media; gyroscope; picture-in-picture; web-share\" referrerpolicy=\"strict-origin-when-cross-origin\" allowfullscreen><\/iframe>\n<\/div><\/figure>\n","protected":false},"excerpt":{"rendered":"<p>Hino oficial do Jabaquara Atl\u00e9tico Clube Vamos cantar-te, JabucaPorque mereces tamb\u00e9m uma can\u00e7\u00e3oPor teu passado gloriosoQue ainda vibra em nosso cora\u00e7\u00e3o. E nesta terra praianaEm S\u00e3o Paulo e no interior,Tu foste sempre o primeiro,Que nos cobriu de honra e de valor. Rubro amarelo, h\u00e1s de vencer,O Jabaquara jamais h\u00e1 de morrerPor tuas gl\u00f3rias, com emo\u00e7\u00e3o,Hoje [&hellip;]<\/p>\n","protected":false},"author":1,"featured_media":0,"parent":0,"menu_order":0,"comment_status":"closed","ping_status":"closed","template":"","meta":[],"_links":{"self":[{"href":"https:\/\/jabaquaraac.com.br\/index.php?rest_route=\/wp\/v2\/pages\/86"}],"collection":[{"href":"https:\/\/jabaquaraac.com.br\/index.php?rest_route=\/wp\/v2\/pages"}],"about":[{"href":"https:\/\/jabaquaraac.com.br\/index.php?rest_route=\/wp\/v2\/types\/page"}],"author":[{"embeddable":true,"href":"https:\/\/jabaquaraac.com.br\/index.php?rest_route=\/wp\/v2\/users\/1"}],"replies":[{"embeddable":true,"href":"https:\/\/jabaquaraac.com.br\/index.php?rest_route=%2Fwp%2Fv2%2Fcomments&post=86"}],"version-history":[{"count":6,"href":"https:\/\/jabaquaraac.com.br\/index.php?rest_route=\/wp\/v2\/pages\/86\/revisions"}],"predecessor-version":[{"id":717,"href":"https:\/\/jabaquaraac.com.br\/index.php?rest_route=\/wp\/v2\/pages\/86\/revisions\/717"}],"wp:attachment":[{"href":"https:\/\/jabaquaraac.com.br\/index.php?rest_route=%2Fwp%2Fv2%2Fmedia&parent=86"}],"curies":[{"name":"wp","href":"https:\/\/api.w.org\/{rel}","templated":true}]}}